{"id":32,"date":"2023-10-06T06:51:01","date_gmt":"2023-10-06T04:51:01","guid":{"rendered":"http:\/\/www.ecofil.club\/?page_id=32"},"modified":"2023-10-06T09:19:34","modified_gmt":"2023-10-06T07:19:34","slug":"club-de-broderie","status":"publish","type":"page","link":"http:\/\/www.ecofil.club\/?page_id=32","title":{"rendered":"Club de broderie"},"content":{"rendered":"\n<p>Notre fil 100% est parfait pour r\u00e9aliser les motifs avec une brodeuses \u00e9lectronique et les points d\u00e9coratifs \u00e0 la machine \u00e0 coudre. <\/p>\n\n\n\n<p><a href=\"https:\/\/1lim.mj.am\/wgt\/1lim\/73x\/form?c=580bbfc7\">Inscrivez-vous \u00e0 la Newsletter<\/a> et recevez tous les mois des id\u00e9es de r\u00e9alisations et les motifs gratuits.<\/p>\n\n\n<div class=\"wp-block-image\">\n<figure class=\"aligncenter size-large is-resized\"><img loading=\"lazy\" decoding=\"async\" src=\"http:\/\/www.ecofil.club\/wp-content\/uploads\/2023\/10\/IMG_9523-768x1024.jpg\" alt=\"\" class=\"wp-image-33\" style=\"width:370px;height:493px\" width=\"370\" height=\"493\" srcset=\"http:\/\/www.ecofil.club\/wp-content\/uploads\/2023\/10\/IMG_9523-768x1024.jpg 768w, http:\/\/www.ecofil.club\/wp-content\/uploads\/2023\/10\/IMG_9523-225x300.jpg 225w, http:\/\/www.ecofil.club\/wp-content\/uploads\/2023\/10\/IMG_9523-1152x1536.jpg 1152w, http:\/\/www.ecofil.club\/wp-content\/uploads\/2023\/10\/IMG_9523-1536x2048.jpg 1536w, http:\/\/www.ecofil.club\/wp-content\/uploads\/2023\/10\/IMG_9523-scaled.jpg 1920w\" sizes=\"auto, (max-width: 370px) 100vw, 370px\" \/><\/figure><\/div>","protected":false},"excerpt":{"rendered":"<p>Notre fil 100% est parfait pour r\u00e9aliser les motifs avec une brodeuses \u00e9lectronique et les points d\u00e9coratifs \u00e0 la machine \u00e0 coudre. Inscrivez-vous \u00e0 la Newsletter et recevez tous les mois des id\u00e9es de r\u00e9alisations et les motifs gratuits.<\/p>\n","protected":false},"author":1,"featured_media":0,"parent":0,"menu_order":0,"comment_status":"closed","ping_status":"closed","template":"","meta":{"footnotes":""},"class_list":["post-32","page","type-page","status-publish","hentry"],"_links":{"self":[{"href":"http:\/\/www.ecofil.club\/index.php?rest_route=\/wp\/v2\/pages\/32","targetHints":{"allow":["GET"]}}],"collection":[{"href":"http:\/\/www.ecofil.club\/index.php?rest_route=\/wp\/v2\/pages"}],"about":[{"href":"http:\/\/www.ecofil.club\/index.php?rest_route=\/wp\/v2\/types\/page"}],"author":[{"embeddable":true,"href":"http:\/\/www.ecofil.club\/index.php?rest_route=\/wp\/v2\/users\/1"}],"replies":[{"embeddable":true,"href":"http:\/\/www.ecofil.club\/index.php?rest_route=%2Fwp%2Fv2%2Fcomments&post=32"}],"version-history":[{"count":3,"href":"http:\/\/www.ecofil.club\/index.php?rest_route=\/wp\/v2\/pages\/32\/revisions"}],"predecessor-version":[{"id":53,"href":"http:\/\/www.ecofil.club\/index.php?rest_route=\/wp\/v2\/pages\/32\/revisions\/53"}],"wp:attachment":[{"href":"http:\/\/www.ecofil.club\/index.php?rest_route=%2Fwp%2Fv2%2Fmedia&parent=32"}],"curies":[{"name":"wp","href":"https:\/\/api.w.org\/{rel}","templated":true}]}}