{"id":2,"date":"2023-10-05T21:46:37","date_gmt":"2023-10-05T19:46:37","guid":{"rendered":"http:\/\/www.ecofil.club\/?page_id=2"},"modified":"2023-10-06T07:00:41","modified_gmt":"2023-10-06T05:00:41","slug":"page-d-exemple","status":"publish","type":"page","link":"http:\/\/www.ecofil.club\/","title":{"rendered":"Fil de qualit\u00e9 en format \u00e9conomique"},"content":{"rendered":"\n<p>La maque \u20acCOfil a \u00e9t\u00e9 cr\u00e9er en 2009 par Annika, une passionn\u00e9e de la broderie machine.  Jusqu&#8217;au tout r\u00e9cemment notre fil a \u00e9t\u00e9 distribu\u00e9 uniquement sur Internet. Aujourd&#8217;hui il devient accessible dans les magasins sp\u00e9cialis\u00e9s de proximit\u00e9.<\/p>\n\n\n\n<div class=\"wp-block-columns is-layout-flex wp-container-core-columns-is-layout-9d6595d7 wp-block-columns-is-layout-flex\">\n<div class=\"wp-block-column is-layout-flow wp-block-column-is-layout-flow\" style=\"flex-basis:50%\">\n<figure class=\"wp-block-image size-large\"><img loading=\"lazy\" decoding=\"async\" width=\"768\" height=\"1024\" src=\"http:\/\/www.ecofil.club\/wp-content\/uploads\/2023\/10\/IMG_9524-768x1024.jpg\" alt=\"\" class=\"wp-image-17\" srcset=\"http:\/\/www.ecofil.club\/wp-content\/uploads\/2023\/10\/IMG_9524-768x1024.jpg 768w, http:\/\/www.ecofil.club\/wp-content\/uploads\/2023\/10\/IMG_9524-225x300.jpg 225w, http:\/\/www.ecofil.club\/wp-content\/uploads\/2023\/10\/IMG_9524-1152x1536.jpg 1152w, http:\/\/www.ecofil.club\/wp-content\/uploads\/2023\/10\/IMG_9524-1536x2048.jpg 1536w, http:\/\/www.ecofil.club\/wp-content\/uploads\/2023\/10\/IMG_9524-scaled.jpg 1920w\" sizes=\"auto, (max-width: 768px) 100vw, 768px\" \/><\/figure>\n<\/div>\n\n\n\n<div class=\"wp-block-column is-layout-flow wp-block-column-is-layout-flow\" style=\"flex-basis:50%\">\n<p>Le pr\u00e9sentoir de 90 coloris est disponible pour les boutique de tissus et magasins de machines \u00e0 coudre sur commande.<\/p>\n\n\n\n<p>Nous fabriquons les pr\u00e9sentoirs sur demande uniquement. Le d\u00e9lai de fabrication jusqu&#8217;au 90 jours, selon nombre de demandes.<\/p>\n\n\n\n<p>Pour commander votre pr\u00e9sentoir contactez-nous.<\/p>\n\n\n\n<p>Vous \u00eates un(e) passionn\u00e9(e) de broderie et arts textiles ? Vous souhaitez trouvez notre fil \u00e0 c\u00f4t\u00e9 de chez vous ? Consultez notre liste de ponts de vente et n&#8217;h\u00e9sitez pas \u00e0 nous sugg\u00e9rer une boutique qui manque \u00e0 notre liste.<\/p>\n<\/div>\n<\/div>\n","protected":false},"excerpt":{"rendered":"<p>La maque \u20acCOfil a \u00e9t\u00e9 cr\u00e9er en 2009 par Annika, une passionn\u00e9e de la broderie machine. Jusqu&#8217;au tout r\u00e9cemment notre fil a \u00e9t\u00e9 distribu\u00e9 uniquement sur Internet. Aujourd&#8217;hui il devient accessible dans les magasins sp\u00e9cialis\u00e9s de proximit\u00e9. Le pr\u00e9sentoir de 90 coloris est disponible pour les boutique de tissus et magasins de machines \u00e0 coudre [&hellip;]<\/p>\n","protected":false},"author":1,"featured_media":0,"parent":0,"menu_order":0,"comment_status":"closed","ping_status":"open","template":"","meta":{"footnotes":""},"class_list":["post-2","page","type-page","status-publish","hentry"],"_links":{"self":[{"href":"http:\/\/www.ecofil.club\/index.php?rest_route=\/wp\/v2\/pages\/2","targetHints":{"allow":["GET"]}}],"collection":[{"href":"http:\/\/www.ecofil.club\/index.php?rest_route=\/wp\/v2\/pages"}],"about":[{"href":"http:\/\/www.ecofil.club\/index.php?rest_route=\/wp\/v2\/types\/page"}],"author":[{"embeddable":true,"href":"http:\/\/www.ecofil.club\/index.php?rest_route=\/wp\/v2\/users\/1"}],"replies":[{"embeddable":true,"href":"http:\/\/www.ecofil.club\/index.php?rest_route=%2Fwp%2Fv2%2Fcomments&post=2"}],"version-history":[{"count":4,"href":"http:\/\/www.ecofil.club\/index.php?rest_route=\/wp\/v2\/pages\/2\/revisions"}],"predecessor-version":[{"id":38,"href":"http:\/\/www.ecofil.club\/index.php?rest_route=\/wp\/v2\/pages\/2\/revisions\/38"}],"wp:attachment":[{"href":"http:\/\/www.ecofil.club\/index.php?rest_route=%2Fwp%2Fv2%2Fmedia&parent=2"}],"curies":[{"name":"wp","href":"https:\/\/api.w.org\/{rel}","templated":true}]}}